{"id":68,"date":"2025-08-10T09:32:29","date_gmt":"2025-08-10T09:32:29","guid":{"rendered":"https:\/\/spooky4you.si\/?page_id=68"},"modified":"2025-08-10T09:32:43","modified_gmt":"2025-08-10T09:32:43","slug":"izkusnje","status":"publish","type":"page","link":"https:\/\/spooky4you.si\/?page_id=68","title":{"rendered":"Izku\u0161nje"},"content":{"rendered":"\n<p><strong>Ema<\/strong><\/p>\n\n\n\n<p>Za\u010dela sem s h\u010dero s frekvencami za imunski sistem in pa dodajanjem mineralov in vitaminov, ki ji manjkajo. Ko je prej\u0161nji teden zbolela, sem ji vklopila frekvenco aktivne sestavine zdravila, ki ga obi\u010dajno dobi, da la\u017eje izka\u0161lja. In je pomagalo <img loading=\"lazy\" decoding=\"async\" height=\"16\" width=\"16\" src=\"https:\/\/static.xx.fbcdn.net\/images\/emoji.php\/v9\/t2\/1\/16\/1f60d.png\" alt=\"\ud83d\ude0d\"> Ji ni bilo treba fizi\u010dno inhalirati zdravila.<\/p>\n\n\n\n<p>Pri mo\u017eu delava na zakisanosti telesa in uravnove\u0161anju imunskega sistema, frekvence ga zelo podpirajo pri tem kako je, katero hrano <img loading=\"lazy\" decoding=\"async\" height=\"16\" width=\"16\" src=\"https:\/\/static.xx.fbcdn.net\/images\/emoji.php\/v9\/t2\/1\/16\/1f60d.png\" alt=\"\ud83d\ude0d\"><\/p>\n\n\n\n<p>Na sebi delam na produktivnosti (z dodajanjem frekvenc nikotina), in na slabokrvnosti (\u017eelezo in \u0161e nekaj vitaminov, mineralov, esencialnih ma\u0161\u010dob in aminokislin), tudi NAD+ za regeneracijo mo\u017eganov (poizkusi!), dodajam si tudi frekvenco HCl (zaradi pomanjkanja \u017eelod\u010dne kisline) <img loading=\"lazy\" decoding=\"async\" height=\"16\" width=\"16\" src=\"https:\/\/static.xx.fbcdn.net\/images\/emoji.php\/v9\/t2\/1\/16\/1f60d.png\" alt=\"\ud83d\ude0d\"> Odprl se mi je nov svet, hvale\u017ena <img loading=\"lazy\" decoding=\"async\" height=\"16\" width=\"16\" src=\"https:\/\/static.xx.fbcdn.net\/images\/emoji.php\/v9\/t2\/1\/16\/1f60d.png\" alt=\"\ud83d\ude0d\"><img loading=\"lazy\" decoding=\"async\" height=\"16\" width=\"16\" src=\"https:\/\/static.xx.fbcdn.net\/images\/emoji.php\/v9\/tfb\/1\/16\/1f64f_1f3fb.png\" alt=\"\ud83d\ude4f\ud83c\udffb\"><\/p>\n\n\n\n<p><\/p>\n","protected":false},"excerpt":{"rendered":"<p>Ema Za\u010dela sem s h\u010dero s frekvencami za imunski sistem in pa dodajanjem mineralov in vitaminov, ki ji manjkajo. Ko [&hellip;]<\/p>\n","protected":false},"author":1,"featured_media":0,"parent":0,"menu_order":0,"comment_status":"closed","ping_status":"closed","template":"","meta":{"site-sidebar-layout":"default","site-content-layout":"","ast-site-content-layout":"default","site-content-style":"default","site-sidebar-style":"default","ast-global-header-display":"","ast-banner-title-visibility":"","ast-main-header-display":"","ast-hfb-above-header-display":"","ast-hfb-below-header-display":"","ast-hfb-mobile-header-display":"","site-post-title":"","ast-breadcrumbs-content":"","ast-featured-img":"","footer-sml-layout":"","ast-disable-related-posts":"","theme-transparent-header-meta":"","adv-header-id-meta":"","stick-header-meta":"","header-above-stick-meta":"","header-main-stick-meta":"","header-below-stick-meta":"","astra-migrate-meta-layouts":"default","ast-page-background-enabled":"default","ast-page-background-meta":{"desktop":{"background-color":"var(--ast-global-color-5)","background-image":"","background-repeat":"repeat","background-position":"center center","background-size":"auto","background-attachment":"scroll","background-type":"","background-media":"","overlay-type":"","overlay-color":"","overlay-opacity":"","overlay-gradient":""},"tablet":{"background-color":"","background-image":"","background-repeat":"repeat","background-position":"center center","background-size":"auto","background-attachment":"scroll","background-type":"","background-media":"","overlay-type":"","overlay-color":"","overlay-opacity":"","overlay-gradient":""},"mobile":{"background-color":"","background-image":"","background-repeat":"repeat","background-position":"center center","background-size":"auto","background-attachment":"scroll","background-type":"","background-media":"","overlay-type":"","overlay-color":"","overlay-opacity":"","overlay-gradient":""}},"ast-content-background-meta":{"desktop":{"background-color":"var(--ast-global-color-4)","background-image":"","background-repeat":"repeat","background-position":"center center","background-size":"auto","background-attachment":"scroll","background-type":"","background-media":"","overlay-type":"","overlay-color":"","overlay-opacity":"","overlay-gradient":""},"tablet":{"background-color":"var(--ast-global-color-4)","background-image":"","background-repeat":"repeat","background-position":"center center","background-size":"auto","background-attachment":"scroll","background-type":"","background-media":"","overlay-type":"","overlay-color":"","overlay-opacity":"","overlay-gradient":""},"mobile":{"background-color":"var(--ast-global-color-4)","background-image":"","background-repeat":"repeat","background-position":"center center","background-size":"auto","background-attachment":"scroll","background-type":"","background-media":"","overlay-type":"","overlay-color":"","overlay-opacity":"","overlay-gradient":""}},"footnotes":""},"class_list":["post-68","page","type-page","status-publish","hentry"],"_links":{"self":[{"href":"https:\/\/spooky4you.si\/index.php?rest_route=\/wp\/v2\/pages\/68","targetHints":{"allow":["GET"]}}],"collection":[{"href":"https:\/\/spooky4you.si\/index.php?rest_route=\/wp\/v2\/pages"}],"about":[{"href":"https:\/\/spooky4you.si\/index.php?rest_route=\/wp\/v2\/types\/page"}],"author":[{"embeddable":true,"href":"https:\/\/spooky4you.si\/index.php?rest_route=\/wp\/v2\/users\/1"}],"replies":[{"embeddable":true,"href":"https:\/\/spooky4you.si\/index.php?rest_route=%2Fwp%2Fv2%2Fcomments&post=68"}],"version-history":[{"count":2,"href":"https:\/\/spooky4you.si\/index.php?rest_route=\/wp\/v2\/pages\/68\/revisions"}],"predecessor-version":[{"id":71,"href":"https:\/\/spooky4you.si\/index.php?rest_route=\/wp\/v2\/pages\/68\/revisions\/71"}],"wp:attachment":[{"href":"https:\/\/spooky4you.si\/index.php?rest_route=%2Fwp%2Fv2%2Fmedia&parent=68"}],"curies":[{"name":"wp","href":"https:\/\/api.w.org\/{rel}","templated":true}]}}